{"id":7069,"date":"2024-01-12T13:38:57","date_gmt":"2024-01-12T10:38:57","guid":{"rendered":"https:\/\/www.avmkusadasi.com\/etkinlikler\/"},"modified":"2025-03-14T19:17:13","modified_gmt":"2025-03-14T16:17:13","slug":"events","status":"publish","type":"page","link":"https:\/\/www.avmkusadasi.com\/en\/events\/","title":{"rendered":"Events"},"content":{"rendered":"\t\t<div data-elementor-type=\"wp-page\" data-elementor-id=\"7069\" class=\"elementor elementor-7069 elementor-5978\">\n\t\t\t\t\t\t<section data-pix-dividers=\"&lt;div class=&quot;pix-divider  position-relative pix-bottom-divider pix-divider-flip-h&quot; data-style=&quot;style-6&quot; &gt;&lt;svg xmlns=&quot;http:\/\/www.w3.org\/2000\/svg&quot; width=&quot;100%&quot;  viewBox=&quot;0 0 1200 116&quot; preserveAspectRatio=&quot;none&quot;&gt;&lt;g class=&quot;animate-in&quot; data-anim-type=&quot;fade-in-right&quot; data-anim-delay=&quot;500&quot;&gt;&lt;path fill=&quot;#6C757D1A&quot;  d=&quot;M0,50 C200,16.6666667 400,7.10542736e-15 600,7.10542736e-15 C800,7.10542736e-15 1000,16.6666667 1200,50 L1200,116 L0,116 L0,50 Z&quot;  \/&gt;&lt;\/g&gt;&lt;g class=&quot;animate-in&quot; data-anim-type=&quot;fade-in-left&quot; data-anim-delay=&quot;1000&quot;&gt;&lt;path fill=&quot;#5B69FC&quot;  d=&quot;M0,80 C200,46.6666667 400,30 600,30 C800,30 1000,46.6666667 1200,80 L1200,116 L0,116 L0,80 Z&quot; \/&gt;&lt;\/g&gt;&lt;path fill=&quot;#ffffff&quot; d=&quot;M0,110 C200,76.6666667 400,60 600,60 C800,60 1000,76.6666667 1200,110 L1200,116 L0,116 L0,110 Z&quot;\/&gt;&lt;defs&gt;&lt;\/defs&gt;&lt;\/svg&gt;&lt;\/div&gt;\" class=\"elementor-section elementor-top-section elementor-element elementor-element-54da7d6 elementor-section-boxed elementor-section-height-default elementor-section-height-default\" data-id=\"54da7d6\" data-element_type=\"section\">\n\t\t\t\t\t\t<div class=\"elementor-container elementor-column-gap-default\">\n\t\t\t\t\t<div class=\"elementor-column elementor-col-100 elementor-top-column elementor-element elementor-element-1923045\" data-id=\"1923045\" data-element_type=\"column\">\n\t\t\t<div class=\"elementor-widget-wrap elementor-element-populated\">\n\t\t\t\t\t\t<div class=\"elementor-element elementor-element-e489275 elementor-invisible elementor-widget elementor-widget-pix-badge\" data-id=\"e489275\" data-element_type=\"widget\" data-widget_type=\"pix-badge.default\">\n\t\t\t\t<div class=\"elementor-widget-container\">\n\t\t\t<div class=\"pix-element-div w-100 text-center\"><span class=\"pix-badge-element h6 d-inline-flex mr-1 animate-in\" data-anim-type=\"fade-in-left\" data-anim-delay=\"0\"><span class=\"badge font-weight-bold secondary-font badge-pill shadow bg-white  \" style=\" \"><span class=\"text-heading-default\" style=\"\">Ku\u015fadas\u0131 AVM<\/span><\/span><\/span><\/div>\t\t<\/div>\n\t\t\t\t<\/div>\n\t\t\t\t<div class=\"elementor-element elementor-element-7379d71 elementor-invisible elementor-widget elementor-widget-pix-highlighted-text\" data-id=\"7379d71\" data-element_type=\"widget\" data-widget_type=\"pix-highlighted-text.default\">\n\t\t\t\t<div class=\"elementor-widget-container\">\n\t\t\t<div id=\"highlighted-text-6191791\" class=\"pix-highlighted-element text-center \"><div class=\"d-inline-block\" style=\"max-width:750px;\"><h1 class=\"pix-highlighted-items animate-in\" style=\"\" data-anim-type=\"fade-in-up\" data-anim-delay=\"100\"><span id=\"highlighted-text-6191791-0\" class=\" elementor-repeater-item-2430d8b\"><span class=\"pix-highlighted-text pix-highlight-item font-weight-normal  font-weight-bold heading-font text-heading-default\">Events<\/span><\/span><\/h1><\/div><\/div>\t\t<\/div>\n\t\t\t\t<\/div>\n\t\t\t\t<div class=\"elementor-element elementor-element-7d1199d elementor-invisible elementor-widget elementor-widget-pix-text\" data-id=\"7d1199d\" data-element_type=\"widget\" data-widget_type=\"pix-text.default\">\n\t\t\t\t<div class=\"elementor-widget-container\">\n\t\t\t<div class=\"pix-el-text w-100 text-center \" ><div class=\"d-inline-block\" style=\"max-width:500px;\"><p class=\"text-18 resp-option text-body-default text-center \" ><span class=\"text-body-default animate-in d-inline-block\" data-anim-delay=\"200\" data-anim-type=\"fade-in-up\">Both Entertainment and Shopping in the same place... <br>At Ku\u015fadas\u0131 Shopping and Life Center.<\/span><\/p><\/div><\/div>\t\t<\/div>\n\t\t\t\t<\/div>\n\t\t\t\t\t<\/div>\n\t\t<\/div>\n\t\t\t\t\t<\/div>\n\t\t<\/section>\n\t\t\t\t<section class=\"elementor-section elementor-top-section elementor-element elementor-element-ec77909 elementor-section-content-middle elementor-section-boxed elementor-section-height-default elementor-section-height-default\" data-id=\"ec77909\" data-element_type=\"section\">\n\t\t\t\t\t\t<div class=\"elementor-container elementor-column-gap-default\">\n\t\t\t\t\t<div class=\"elementor-column elementor-col-33 elementor-top-column elementor-element elementor-element-7684796\" data-id=\"7684796\" data-element_type=\"column\">\n\t\t\t<div class=\"elementor-widget-wrap elementor-element-populated\">\n\t\t\t\t\t\t<section class=\"pix-base-transition pix-scale-in-sm elementor-section elementor-inner-section elementor-element elementor-element-67cae1f elementor-section-boxed elementor-section-height-default elementor-section-height-default\" data-id=\"67cae1f\" data-element_type=\"section\">\n\t\t\t\t\t\t<div class=\"elementor-container elementor-column-gap-default\">\n\t\t\t\t\t<div class=\"elementor-column elementor-col-100 elementor-inner-column elementor-element elementor-element-af55517\" data-id=\"af55517\" data-element_type=\"column\">\n\t\t\t<div class=\"elementor-widget-wrap elementor-element-populated\">\n\t\t\t\t\t\t<div class=\"elementor-element elementor-element-fc90426 elementor-widget elementor-widget-pix-img\" data-id=\"fc90426\" data-element_type=\"widget\" data-widget_type=\"pix-img.default\">\n\t\t\t\t<div class=\"elementor-widget-container\">\n\t\t\t<div class=\"d-inline-block \" ><div class=\"pix-img-el    scale-sm center d-inline-block  w-100 rounded-xl\"  ><img fetchpriority=\"high\" decoding=\"async\" class=\"card-img2 pix-img-elem rounded-xl  h-1002\" style=\"height:auto;\" width=\"640\" height=\"360\" srcset=\"https:\/\/www.avmkusadasi.com\/wp-content\/uploads\/2024\/01\/Kenan-Dogulu-Konseri.jpg 640w, https:\/\/www.avmkusadasi.com\/wp-content\/uploads\/2024\/01\/Kenan-Dogulu-Konseri-300x169.jpg 300w\" sizes=\"(max-width: 640px) 100vw, 640px\" src=\"https:\/\/www.avmkusadasi.com\/wp-content\/uploads\/2024\/01\/Kenan-Dogulu-Konseri.jpg\" alt=\"Image link\" \/><\/div><\/div>\t\t<\/div>\n\t\t\t\t<\/div>\n\t\t\t\t<div class=\"elementor-element elementor-element-c84e173 elementor-widget__width-auto elementor-invisible elementor-widget elementor-widget-pix-badge\" data-id=\"c84e173\" data-element_type=\"widget\" data-widget_type=\"pix-badge.default\">\n\t\t\t\t<div class=\"elementor-widget-container\">\n\t\t\t<span class=\"pix-badge-element h6 d-inline-flex mr-1 animate-in\" data-anim-type=\"fade-in-up\" data-anim-delay=\"300\"><span class=\"badge font-weight-bold secondary-font badge-pill bg-secondary  \" style=\" \"><span class=\"text-white\" style=\"\">08 July 2022<\/span><\/span><\/span>\t\t<\/div>\n\t\t\t\t<\/div>\n\t\t\t\t<div class=\"elementor-element elementor-element-3b6eb61 elementor-invisible elementor-widget elementor-widget-pix-feature\" data-id=\"3b6eb61\" data-element_type=\"widget\" data-widget_type=\"pix-feature.default\">\n\t\t\t\t<div class=\"elementor-widget-container\">\n\t\t\t<div id=\"duo-icon-64112106\" class=\"pix-feature-el text-custom \"><h5 class=\"font-weight-bold   text-heading-default animate-in\" style=\"\" data-anim-type=\"fade-in-up\" data-anim-delay=\"150\">Kenan Do\u011fulu Concert<\/h5><div class=\"text-body-default text-18     animate-in\" style=\"padding-top:10px;\" data-anim-type=\"fade-in-up\" data-anim-delay=\"250\">Kenan Do\u011fulu meets you at Ku\u015fadas\u0131 Avm Alt\u0131n G\u00fcvercin Amphitheater Stage with the KerkiSolfej organization...<\/div><\/div>\t\t<\/div>\n\t\t\t\t<\/div>\n\t\t\t\t<div class=\"elementor-element elementor-element-6050b72 elementor-widget elementor-widget-pix-button\" data-id=\"6050b72\" data-element_type=\"widget\" data-widget_type=\"pix-button.default\">\n\t\t\t\t<div class=\"elementor-widget-container\">\n\t\t\t<div class=\"d-block w-100 text-right\"><a  href=\"https:\/\/www.biletix.com\/etkinlik\/1L869\/IZMIR\/tr\" class=\"btn m-0     btn-link text-primary d-inline-block pix-hover-item  no-padding     animate-in pix-btn-div btn-lg\" target=\"_blank\" rel=\"noopener\"  data-anim-type=\"fade-in-up\" data-anim-delay=\"150\" ><span class=\"font-weight-bold \" >Buy a ticket<\/span> <i class=\"font-weight-bold pixicon-arrow-circle-right  pix-hover-right  ml-1\"><\/i><\/a><\/div>\t\t<\/div>\n\t\t\t\t<\/div>\n\t\t\t\t\t<\/div>\n\t\t<\/div>\n\t\t\t\t\t<\/div>\n\t\t<\/section>\n\t\t\t\t\t<\/div>\n\t\t<\/div>\n\t\t\t\t<div class=\"elementor-column elementor-col-33 elementor-top-column elementor-element elementor-element-e0c4437\" data-id=\"e0c4437\" data-element_type=\"column\">\n\t\t\t<div class=\"elementor-widget-wrap elementor-element-populated\">\n\t\t\t\t\t\t<section class=\"pix-base-transition pix-scale-in-sm elementor-section elementor-inner-section elementor-element elementor-element-e51ff4c elementor-section-boxed elementor-section-height-default elementor-section-height-default\" data-id=\"e51ff4c\" data-element_type=\"section\">\n\t\t\t\t\t\t<div class=\"elementor-container elementor-column-gap-default\">\n\t\t\t\t\t<div class=\"elementor-column elementor-col-100 elementor-inner-column elementor-element elementor-element-6238bec\" data-id=\"6238bec\" data-element_type=\"column\">\n\t\t\t<div class=\"elementor-widget-wrap elementor-element-populated\">\n\t\t\t\t\t\t<div class=\"elementor-element elementor-element-f091f6e elementor-widget elementor-widget-pix-img\" data-id=\"f091f6e\" data-element_type=\"widget\" data-widget_type=\"pix-img.default\">\n\t\t\t\t<div class=\"elementor-widget-container\">\n\t\t\t<div class=\"d-inline-block \" ><div class=\"pix-img-el    scale-sm center d-inline-block  w-100 rounded-xl\"  ><img decoding=\"async\" class=\"card-img2 pix-img-elem rounded-xl  h-1002\" style=\"height:auto;\" width=\"640\" height=\"360\" srcset=\"https:\/\/www.avmkusadasi.com\/wp-content\/uploads\/2024\/01\/ferhat-gocer-konsei.jpg 640w, https:\/\/www.avmkusadasi.com\/wp-content\/uploads\/2024\/01\/ferhat-gocer-konsei-300x169.jpg 300w\" sizes=\"(max-width: 640px) 100vw, 640px\" src=\"https:\/\/www.avmkusadasi.com\/wp-content\/uploads\/2024\/01\/ferhat-gocer-konsei.jpg\" alt=\"Image link\" \/><\/div><\/div>\t\t<\/div>\n\t\t\t\t<\/div>\n\t\t\t\t<div class=\"elementor-element elementor-element-3a39195 elementor-widget__width-auto elementor-invisible elementor-widget elementor-widget-pix-badge\" data-id=\"3a39195\" data-element_type=\"widget\" data-widget_type=\"pix-badge.default\">\n\t\t\t\t<div class=\"elementor-widget-container\">\n\t\t\t<span class=\"pix-badge-element h6 d-inline-flex mr-1 animate-in\" data-anim-type=\"fade-in-up\" data-anim-delay=\"300\"><span class=\"badge font-weight-bold secondary-font badge-pill bg-secondary  \" style=\" \"><span class=\"text-white\" style=\"\">09 July 2022<\/span><\/span><\/span>\t\t<\/div>\n\t\t\t\t<\/div>\n\t\t\t\t<div class=\"elementor-element elementor-element-01eaf79 elementor-invisible elementor-widget elementor-widget-pix-feature\" data-id=\"01eaf79\" data-element_type=\"widget\" data-widget_type=\"pix-feature.default\">\n\t\t\t\t<div class=\"elementor-widget-container\">\n\t\t\t<div id=\"duo-icon-98768713\" class=\"pix-feature-el text-custom \"><h5 class=\"font-weight-bold   text-heading-default animate-in\" style=\"\" data-anim-type=\"fade-in-up\" data-anim-delay=\"150\">Ferhat G\u00f6\u00e7er Concert<\/h5><div class=\"text-body-default text-18     animate-in\" style=\"padding-top:10px;\" data-anim-type=\"fade-in-up\" data-anim-delay=\"250\">Ferhat G\u00f6\u00e7er will meet his fans on the stage of Ku\u015fadas\u0131 Avm Alt\u0131n G\u00fcvercin Amphitheater on the evening of July 9th.<\/div><\/div>\t\t<\/div>\n\t\t\t\t<\/div>\n\t\t\t\t<div class=\"elementor-element elementor-element-a4c2c33 elementor-widget elementor-widget-pix-button\" data-id=\"a4c2c33\" data-element_type=\"widget\" data-widget_type=\"pix-button.default\">\n\t\t\t\t<div class=\"elementor-widget-container\">\n\t\t\t<div class=\"d-block w-100 text-right\"><a  href=\"https:\/\/www.biletix.com\/etkinlik\/1L764\/IZMIR\/tr\" class=\"btn m-0     btn-link text-primary d-inline-block pix-hover-item  no-padding     animate-in pix-btn-div btn-lg\" target=\"_blank\" rel=\"noopener\"  data-anim-type=\"fade-in-up\" data-anim-delay=\"150\" ><span class=\"font-weight-bold \" >Buy a ticket<\/span> <i class=\"font-weight-bold pixicon-arrow-circle-right  pix-hover-right  ml-1\"><\/i><\/a><\/div>\t\t<\/div>\n\t\t\t\t<\/div>\n\t\t\t\t\t<\/div>\n\t\t<\/div>\n\t\t\t\t\t<\/div>\n\t\t<\/section>\n\t\t\t\t\t<\/div>\n\t\t<\/div>\n\t\t\t\t<div class=\"elementor-column elementor-col-33 elementor-top-column elementor-element elementor-element-99bf367\" data-id=\"99bf367\" data-element_type=\"column\">\n\t\t\t<div class=\"elementor-widget-wrap elementor-element-populated\">\n\t\t\t\t\t\t<section class=\"pix-base-transition pix-scale-in-sm elementor-section elementor-inner-section elementor-element elementor-element-79bf1a8 elementor-section-boxed elementor-section-height-default elementor-section-height-default\" data-id=\"79bf1a8\" data-element_type=\"section\">\n\t\t\t\t\t\t<div class=\"elementor-container elementor-column-gap-default\">\n\t\t\t\t\t<div class=\"elementor-column elementor-col-100 elementor-inner-column elementor-element elementor-element-7fff653\" data-id=\"7fff653\" data-element_type=\"column\">\n\t\t\t<div class=\"elementor-widget-wrap elementor-element-populated\">\n\t\t\t\t\t\t<div class=\"elementor-element elementor-element-65a0fac elementor-widget elementor-widget-pix-img\" data-id=\"65a0fac\" data-element_type=\"widget\" data-widget_type=\"pix-img.default\">\n\t\t\t\t<div class=\"elementor-widget-container\">\n\t\t\t<div class=\"d-inline-block \" ><div class=\"pix-img-el    scale-sm center d-inline-block  w-100 rounded-xl\"  ><img decoding=\"async\" class=\"card-img2 pix-img-elem rounded-xl  h-1002\" style=\"height:auto;\" width=\"640\" height=\"360\" srcset=\"https:\/\/www.avmkusadasi.com\/wp-content\/uploads\/2024\/01\/mor-ve-otesi.jpg 640w, https:\/\/www.avmkusadasi.com\/wp-content\/uploads\/2024\/01\/mor-ve-otesi-300x169.jpg 300w\" sizes=\"(max-width: 640px) 100vw, 640px\" src=\"https:\/\/www.avmkusadasi.com\/wp-content\/uploads\/2024\/01\/mor-ve-otesi.jpg\" alt=\"Image link\" \/><\/div><\/div>\t\t<\/div>\n\t\t\t\t<\/div>\n\t\t\t\t<div class=\"elementor-element elementor-element-cd1f81a elementor-widget__width-auto elementor-invisible elementor-widget elementor-widget-pix-badge\" data-id=\"cd1f81a\" data-element_type=\"widget\" data-widget_type=\"pix-badge.default\">\n\t\t\t\t<div class=\"elementor-widget-container\">\n\t\t\t<span class=\"pix-badge-element h6 d-inline-flex mr-1 animate-in\" data-anim-type=\"fade-in-up\" data-anim-delay=\"300\"><span class=\"badge font-weight-bold secondary-font badge-pill bg-secondary  \" style=\" \"><span class=\"text-white\" style=\"\">10 July 2022<\/span><\/span><\/span>\t\t<\/div>\n\t\t\t\t<\/div>\n\t\t\t\t<div class=\"elementor-element elementor-element-15840b7 elementor-invisible elementor-widget elementor-widget-pix-feature\" data-id=\"15840b7\" data-element_type=\"widget\" data-widget_type=\"pix-feature.default\">\n\t\t\t\t<div class=\"elementor-widget-container\">\n\t\t\t<div id=\"duo-icon-37556535\" class=\"pix-feature-el text-custom \"><h5 class=\"font-weight-bold   text-heading-default animate-in\" style=\"\" data-anim-type=\"fade-in-up\" data-anim-delay=\"150\">Mor ve \u00d6tesi Concert<\/h5><div class=\"text-body-default text-18     animate-in\" style=\"padding-top:10px;\" data-anim-type=\"fade-in-up\" data-anim-delay=\"250\">Mor ve \u00d6tesi will meet you on the stage of Ku\u015fadas\u0131 Avm Alt\u0131n G\u00fcvercin Amphitheater with their popular songs.<\/div><\/div>\t\t<\/div>\n\t\t\t\t<\/div>\n\t\t\t\t<div class=\"elementor-element elementor-element-227677f elementor-widget elementor-widget-pix-button\" data-id=\"227677f\" data-element_type=\"widget\" data-widget_type=\"pix-button.default\">\n\t\t\t\t<div class=\"elementor-widget-container\">\n\t\t\t<div class=\"d-block w-100 text-right\"><a  href=\"https:\/\/www.biletix.com\/etkinlik\/1L765\/IZMIR\/tr\" class=\"btn m-0     btn-link text-primary d-inline-block pix-hover-item  no-padding     animate-in pix-btn-div btn-lg\" target=\"_blank\" rel=\"noopener\"  data-anim-type=\"fade-in-up\" data-anim-delay=\"150\" ><span class=\"font-weight-bold \" >Buy a ticket<\/span> <i class=\"font-weight-bold pixicon-arrow-circle-right  pix-hover-right  ml-1\"><\/i><\/a><\/div>\t\t<\/div>\n\t\t\t\t<\/div>\n\t\t\t\t\t<\/div>\n\t\t<\/div>\n\t\t\t\t\t<\/div>\n\t\t<\/section>\n\t\t\t\t\t<\/div>\n\t\t<\/div>\n\t\t\t\t\t<\/div>\n\t\t<\/section>\n\t\t\t\t<\/div>\n\t\t","protected":false},"excerpt":{"rendered":"<p>Ku\u015fadas\u0131 AVM Events Both Entertainment and Shopping in the same place&#8230; At Ku\u015fadas\u0131 Shopping and Life Center. 08 July 2022 Kenan Do\u011fulu Concert Kenan Do\u011fulu meets you at Ku\u015fadas\u0131 Avm Alt\u0131n G\u00fcvercin Amphitheater Stage with the KerkiSolfej organization&#8230; Buy a&#8230;<\/p>\n","protected":false},"author":1,"featured_media":6714,"parent":0,"menu_order":0,"comment_status":"closed","ping_status":"closed","template":"","meta":{"footnotes":""},"class_list":["post-7069","page","type-page","status-publish","has-post-thumbnail","hentry"],"_links":{"self":[{"href":"https:\/\/www.avmkusadasi.com\/en\/wp-json\/wp\/v2\/pages\/7069","targetHints":{"allow":["GET"]}}],"collection":[{"href":"https:\/\/www.avmkusadasi.com\/en\/wp-json\/wp\/v2\/pages"}],"about":[{"href":"https:\/\/www.avmkusadasi.com\/en\/wp-json\/wp\/v2\/types\/page"}],"author":[{"embeddable":true,"href":"https:\/\/www.avmkusadasi.com\/en\/wp-json\/wp\/v2\/users\/1"}],"replies":[{"embeddable":true,"href":"https:\/\/www.avmkusadasi.com\/en\/wp-json\/wp\/v2\/comments?post=7069"}],"version-history":[{"count":5,"href":"https:\/\/www.avmkusadasi.com\/en\/wp-json\/wp\/v2\/pages\/7069\/revisions"}],"predecessor-version":[{"id":7100,"href":"https:\/\/www.avmkusadasi.com\/en\/wp-json\/wp\/v2\/pages\/7069\/revisions\/7100"}],"wp:featuredmedia":[{"embeddable":true,"href":"https:\/\/www.avmkusadasi.com\/en\/wp-json\/wp\/v2\/media\/6714"}],"wp:attachment":[{"href":"https:\/\/www.avmkusadasi.com\/en\/wp-json\/wp\/v2\/media?parent=7069"}],"curies":[{"name":"wp","href":"https:\/\/api.w.org\/{rel}","templated":true}]}}