{"id":7081,"date":"2022-03-31T22:32:15","date_gmt":"2022-03-31T19:32:15","guid":{"rendered":"https:\/\/www.avmkusadasi.com\/kurumsal\/"},"modified":"2024-01-19T14:59:57","modified_gmt":"2024-01-19T11:59:57","slug":"corporate","status":"publish","type":"page","link":"https:\/\/www.avmkusadasi.com\/en\/corporate\/","title":{"rendered":"Corporate"},"content":{"rendered":"\t\t<div data-elementor-type=\"wp-page\" data-elementor-id=\"7081\" class=\"elementor elementor-7081 elementor-4531\">\n\t\t\t\t\t\t<section data-pix-dividers=\"&lt;div class=&quot;pix-divider  position-relative pix-bottom-divider pix-divider-flip-h&quot; data-style=&quot;style-6&quot; &gt;&lt;svg xmlns=&quot;http:\/\/www.w3.org\/2000\/svg&quot; width=&quot;100%&quot;  viewBox=&quot;0 0 1200 116&quot; preserveAspectRatio=&quot;none&quot;&gt;&lt;g class=&quot;animate-in&quot; data-anim-type=&quot;fade-in-right&quot; data-anim-delay=&quot;500&quot;&gt;&lt;path fill=&quot;#6C757D1A&quot;  d=&quot;M0,50 C200,16.6666667 400,7.10542736e-15 600,7.10542736e-15 C800,7.10542736e-15 1000,16.6666667 1200,50 L1200,116 L0,116 L0,50 Z&quot;  \/&gt;&lt;\/g&gt;&lt;g class=&quot;animate-in&quot; data-anim-type=&quot;fade-in-left&quot; data-anim-delay=&quot;1000&quot;&gt;&lt;path fill=&quot;#5B69FC&quot;  d=&quot;M0,80 C200,46.6666667 400,30 600,30 C800,30 1000,46.6666667 1200,80 L1200,116 L0,116 L0,80 Z&quot; \/&gt;&lt;\/g&gt;&lt;path fill=&quot;#ffffff&quot; d=&quot;M0,110 C200,76.6666667 400,60 600,60 C800,60 1000,76.6666667 1200,110 L1200,116 L0,116 L0,110 Z&quot;\/&gt;&lt;defs&gt;&lt;\/defs&gt;&lt;\/svg&gt;&lt;\/div&gt;\" class=\"elementor-section elementor-top-section elementor-element elementor-element-54da7d6 elementor-section-boxed elementor-section-height-default elementor-section-height-default\" data-id=\"54da7d6\" data-element_type=\"section\">\n\t\t\t\t\t\t<div class=\"elementor-container elementor-column-gap-default\">\n\t\t\t\t\t<div class=\"elementor-column elementor-col-100 elementor-top-column elementor-element elementor-element-1923045\" data-id=\"1923045\" data-element_type=\"column\">\n\t\t\t<div class=\"elementor-widget-wrap elementor-element-populated\">\n\t\t\t\t\t\t<div class=\"elementor-element elementor-element-e489275 elementor-invisible elementor-widget elementor-widget-pix-badge\" data-id=\"e489275\" data-element_type=\"widget\" data-widget_type=\"pix-badge.default\">\n\t\t\t\t<div class=\"elementor-widget-container\">\n\t\t\t<div class=\"pix-element-div w-100 text-center\"><span class=\"pix-badge-element h6 d-inline-flex mr-1 animate-in\" data-anim-type=\"fade-in-left\" data-anim-delay=\"0\"><span class=\"badge font-weight-bold secondary-font badge-pill shadow bg-white  \" style=\" \"><span class=\"text-heading-default\" style=\"\">Corporate<\/span><\/span><\/span><\/div>\t\t<\/div>\n\t\t\t\t<\/div>\n\t\t\t\t<div class=\"elementor-element elementor-element-7379d71 elementor-invisible elementor-widget elementor-widget-pix-highlighted-text\" data-id=\"7379d71\" data-element_type=\"widget\" data-widget_type=\"pix-highlighted-text.default\">\n\t\t\t\t<div class=\"elementor-widget-container\">\n\t\t\t<div id=\"highlighted-text-144182115\" class=\"pix-highlighted-element text-center \"><div class=\"d-inline-block\" style=\"max-width:850px;\"><h5 class=\"pix-highlighted-items animate-in\" style=\"\" data-anim-type=\"fade-in-up\" data-anim-delay=\"100\"><span id=\"highlighted-text-144182115-0\" class=\" elementor-repeater-item-2430d8b\"><span class=\"pix-highlighted-text pix-highlight-item font-weight-normal  font-weight-bold heading-font text-heading-default\">Ku\u015fadas\u0131 Shopping and Life Center is the investment of Ku\u015fadas\u0131 Shopping Center Investment and Management Company.<\/span><\/span><\/h5><\/div><\/div>\t\t<\/div>\n\t\t\t\t<\/div>\n\t\t\t\t<div class=\"elementor-element elementor-element-7d1199d elementor-invisible elementor-widget elementor-widget-pix-text\" data-id=\"7d1199d\" data-element_type=\"widget\" data-widget_type=\"pix-text.default\">\n\t\t\t\t<div class=\"elementor-widget-container\">\n\t\t\t<div class=\"pix-el-text w-100 text-center \" ><div class=\"d-inline-block\" style=\"max-width:500px;\"><p class=\"text-18 resp-option text-body-default text-center \" ><span class=\"text-body-default animate-in d-inline-block\" data-anim-delay=\"200\" data-anim-type=\"fade-in-up\">It brings you together with Turkey's and the world's famous brands that offer you perfect service at Ku\u015fadas\u0131 Shopping Center.<\/span><\/p><\/div><\/div>\t\t<\/div>\n\t\t\t\t<\/div>\n\t\t\t\t\t<\/div>\n\t\t<\/div>\n\t\t\t\t\t<\/div>\n\t\t<\/section>\n\t\t\t\t<section class=\"elementor-section elementor-top-section elementor-element elementor-element-ba8297f elementor-section-stretched elementor-section-boxed elementor-section-height-default elementor-section-height-default\" data-id=\"ba8297f\" data-element_type=\"section\" data-settings=\"{&quot;stretch_section&quot;:&quot;section-stretched&quot;,&quot;background_background&quot;:&quot;classic&quot;}\">\n\t\t\t\t\t\t<div class=\"elementor-container elementor-column-gap-default\">\n\t\t\t\t\t<div class=\"elementor-column elementor-col-50 elementor-top-column elementor-element elementor-element-df7ec35\" data-id=\"df7ec35\" data-element_type=\"column\">\n\t\t\t<div class=\"elementor-widget-wrap elementor-element-populated\">\n\t\t\t\t\t\t<section class=\"sticky-top pix-sticky-top-adjust elementor-section elementor-inner-section elementor-element elementor-element-49d5328 elementor-section-boxed elementor-section-height-default elementor-section-height-default\" data-id=\"49d5328\" data-element_type=\"section\">\n\t\t\t\t\t\t<div class=\"elementor-container elementor-column-gap-default\">\n\t\t\t\t\t<div class=\"elementor-column elementor-col-100 elementor-inner-column elementor-element elementor-element-2784841\" data-id=\"2784841\" data-element_type=\"column\">\n\t\t\t<div class=\"elementor-widget-wrap elementor-element-populated\">\n\t\t\t\t\t\t<div class=\"elementor-element elementor-element-1d4477d elementor-widget elementor-widget-pix-sliding-text\" data-id=\"1d4477d\" data-element_type=\"widget\" data-widget_type=\"pix-sliding-text.default\">\n\t\t\t\t<div class=\"elementor-widget-container\">\n\t\t\t<div id=\"sliding-text-144907302\" class=\"mb-3 text-left \"><h2 class=\"mb-32 pix-sliding-headline-2 animate-in font-weight-bold secondary-font \" data-anim-type=\"pix-sliding-text\" pix-anim-delay=\"500\" data-class=\"secondary-font text-heading-default\" style=\"\"><span class=\"slide-in-container \"><span class=\"pix-sliding-item secondary-font text-heading-default\" style=\"transition-delay: 0ms;\">Ku\u015fadas\u0131&#32;<\/span><\/span> <span class=\"slide-in-container \"><span class=\"pix-sliding-item secondary-font text-heading-default\" style=\"transition-delay: 50ms;\">Shopping&#32;<\/span><\/span> <span class=\"slide-in-container \"><span class=\"pix-sliding-item secondary-font text-heading-default\" style=\"transition-delay: 100ms;\">and&#32;<\/span><\/span> <span class=\"slide-in-container \"><span class=\"pix-sliding-item secondary-font text-heading-default\" style=\"transition-delay: 150ms;\">Life&#32;<\/span><\/span> <span class=\"slide-in-container \"><span class=\"pix-sliding-item secondary-font text-heading-default\" style=\"transition-delay: 200ms;\">Center&#32;<\/span><\/span> <\/h2><\/div>\t\t<\/div>\n\t\t\t\t<\/div>\n\t\t\t\t<div class=\"elementor-element elementor-element-f828ccd elementor-widget elementor-widget-text-editor\" data-id=\"f828ccd\" data-element_type=\"widget\" data-widget_type=\"text-editor.default\">\n\t\t\t\t<div class=\"elementor-widget-container\">\n\t\t\t<style>\/*! elementor - v3.19.0 - 05-02-2024 *\/\n.elementor-widget-text-editor.elementor-drop-cap-view-stacked .elementor-drop-cap{background-color:#69727d;color:#fff}.elementor-widget-text-editor.elementor-drop-cap-view-framed .elementor-drop-cap{color:#69727d;border:3px solid;background-color:transparent}.elementor-widget-text-editor:not(.elementor-drop-cap-view-default) .elementor-drop-cap{margin-top:8px}.elementor-widget-text-editor:not(.elementor-drop-cap-view-default) .elementor-drop-cap-letter{width:1em;height:1em}.elementor-widget-text-editor .elementor-drop-cap{float:left;text-align:center;line-height:1;font-size:50px}.elementor-widget-text-editor .elementor-drop-cap-letter{display:inline-block}<\/style>\t\t\t\t<p>Our organization is a real estate investment and income partnership formed by the collaboration of Klaros \u0130n\u015faat, which is an expert in real estate investment and development in Ku\u015fadas\u0131 district, and businessmen in our district.<\/p><p>Our aim is to develop and realize real estate projects that will change the face of our district without damaging its natural structure and will serve the people of Ku\u015fadas\u0131 for years.<\/p><p>Ku\u015fadas\u0131 AVYM is an unusual shopping center with attraction centers thanks to its various social facilities. With its open-air shopping mall concept, amphitheater, Aegean &amp; Mediterranean architecture, landscaping, children&#8217;s playgrounds, social and cultural activities, it will be not just a shopping mall but a shopping and living center (AVYM).<\/p><p>The construction of the AVYM, which has a closed leasable store area of 24,700 m\u00b2, built on 80 decares, started in December 2012 and was completed in June 2014.<\/p>\t\t\t\t\t\t<\/div>\n\t\t\t\t<\/div>\n\t\t\t\t\t<\/div>\n\t\t<\/div>\n\t\t\t\t\t<\/div>\n\t\t<\/section>\n\t\t\t\t\t<\/div>\n\t\t<\/div>\n\t\t\t\t<div class=\"elementor-column elementor-col-50 elementor-top-column elementor-element elementor-element-8252420\" data-id=\"8252420\" data-element_type=\"column\">\n\t\t\t<div class=\"elementor-widget-wrap elementor-element-populated\">\n\t\t\t\t\t\t<div class=\"elementor-element elementor-element-70fe7d9 elementor-widget elementor-widget-image\" data-id=\"70fe7d9\" data-element_type=\"widget\" data-widget_type=\"image.default\">\n\t\t\t\t<div class=\"elementor-widget-container\">\n\t\t\t<style>\/*! elementor - v3.19.0 - 05-02-2024 *\/\n.elementor-widget-image{text-align:center}.elementor-widget-image a{display:inline-block}.elementor-widget-image a img[src$=\".svg\"]{width:48px}.elementor-widget-image img{vertical-align:middle;display:inline-block}<\/style>\t\t\t\t\t\t\t\t\t\t<img fetchpriority=\"high\" decoding=\"async\" width=\"856\" height=\"1000\" src=\"https:\/\/www.avmkusadasi.com\/wp-content\/uploads\/2024\/01\/Kusadasi-avm-kurumsal.jpg\" class=\"elementor-animation-grow attachment-full size-full wp-image-5930\" alt=\"\" srcset=\"https:\/\/www.avmkusadasi.com\/wp-content\/uploads\/2024\/01\/Kusadasi-avm-kurumsal.jpg 856w, https:\/\/www.avmkusadasi.com\/wp-content\/uploads\/2024\/01\/Kusadasi-avm-kurumsal-257x300.jpg 257w, https:\/\/www.avmkusadasi.com\/wp-content\/uploads\/2024\/01\/Kusadasi-avm-kurumsal-768x897.jpg 768w\" sizes=\"(max-width: 856px) 100vw, 856px\" \/>\t\t\t\t\t\t\t\t\t\t\t\t\t<\/div>\n\t\t\t\t<\/div>\n\t\t\t\t\t<\/div>\n\t\t<\/div>\n\t\t\t\t\t<\/div>\n\t\t<\/section>\n\t\t\t\t<section class=\"elementor-section elementor-top-section elementor-element elementor-element-03fc7ec elementor-section-full_width elementor-section-height-default elementor-section-height-default\" data-id=\"03fc7ec\" data-element_type=\"section\">\n\t\t\t\t\t\t<div class=\"elementor-container elementor-column-gap-default\">\n\t\t\t\t\t<div class=\"elementor-column elementor-col-100 elementor-top-column elementor-element elementor-element-b39b9d9\" data-id=\"b39b9d9\" data-element_type=\"column\">\n\t\t\t<div class=\"elementor-widget-wrap elementor-element-populated\">\n\t\t\t\t\t\t<section class=\"elementor-section elementor-inner-section elementor-element elementor-element-6c4edda elementor-section-full_width elementor-section-height-default elementor-section-height-default\" data-id=\"6c4edda\" data-element_type=\"section\">\n\t\t\t\t\t\t<div class=\"elementor-container elementor-column-gap-default\">\n\t\t\t\t\t<div class=\"elementor-column elementor-col-100 elementor-inner-column elementor-element elementor-element-f830576\" data-id=\"f830576\" data-element_type=\"column\">\n\t\t\t<div class=\"elementor-widget-wrap elementor-element-populated\">\n\t\t\t\t\t\t<div class=\"elementor-element elementor-element-0f5b613 elementor-widget elementor-widget-pix-marquee\" data-id=\"0f5b613\" data-element_type=\"widget\" data-widget_type=\"pix-marquee.default\">\n\t\t\t\t<div class=\"elementor-widget-container\">\n\t\t\t<div id=\"marquee-23283326\" class=\"pix-marquee-element d-flex \" ><div class=\"pix-marquee  \" ><div class=\"marquee__inner  pix-reversed\" aria-hidden=\"true\"><h6 class=\"pix-marquee-item text-primary \"><img decoding=\"async\" class=\"pix-fit-cover shadow shadow-hover scale-sm rounded-circle\" src=\"https:\/\/www.avmkusadasi.com\/wp-content\/uploads\/2024\/01\/magazalar-ebebek.png\" width=\"80\" height=\"80\" style=\"width:80px;height:80px;display:inline-block;position:relative;\" alt=\"\"><\/h6><h6 class=\"pix-marquee-item text-primary \"><img decoding=\"async\" class=\"pix-fit-cover shadow shadow-hover scale-sm rounded-circle\" src=\"https:\/\/www.avmkusadasi.com\/wp-content\/uploads\/2024\/01\/magazalar-5m-migros.png\" width=\"80\" height=\"80\" style=\"width:80px;height:80px;display:inline-block;position:relative;\" alt=\"\"><\/h6><h6 class=\"pix-marquee-item text-primary \"><img loading=\"lazy\" decoding=\"async\" class=\"pix-fit-cover shadow shadow-hover scale-sm rounded-circle\" src=\"https:\/\/www.avmkusadasi.com\/wp-content\/uploads\/2024\/01\/magazalar-mado.png\" width=\"80\" height=\"80\" style=\"width:80px;height:80px;display:inline-block;position:relative;\" alt=\"\"><\/h6><h6 class=\"pix-marquee-item text-primary \"><img loading=\"lazy\" decoding=\"async\" class=\"pix-fit-cover shadow shadow-hover scale-sm rounded-circle\" src=\"https:\/\/www.avmkusadasi.com\/wp-content\/uploads\/2024\/01\/magazalar-mavi.png\" width=\"80\" height=\"80\" style=\"width:80px;height:80px;display:inline-block;position:relative;\" alt=\"\"><\/h6><h6 class=\"pix-marquee-item text-primary \"><img loading=\"lazy\" decoding=\"async\" class=\"pix-fit-cover shadow shadow-hover scale-sm rounded-circle\" src=\"https:\/\/www.avmkusadasi.com\/wp-content\/uploads\/2024\/01\/magazalar-bk.png\" width=\"80\" height=\"80\" style=\"width:80px;height:80px;display:inline-block;position:relative;\" alt=\"\"><\/h6><h6 class=\"pix-marquee-item text-primary \"><img loading=\"lazy\" decoding=\"async\" class=\"pix-fit-cover shadow shadow-hover scale-sm rounded-circle\" src=\"https:\/\/www.avmkusadasi.com\/wp-content\/uploads\/2024\/01\/magazalar-mango.png\" width=\"80\" height=\"80\" style=\"width:80px;height:80px;display:inline-block;position:relative;\" alt=\"\"><\/h6><\/div><\/div><\/div>\t\t<\/div>\n\t\t\t\t<\/div>\n\t\t\t\t\t<\/div>\n\t\t<\/div>\n\t\t\t\t\t<\/div>\n\t\t<\/section>\n\t\t\t\t\t<\/div>\n\t\t<\/div>\n\t\t\t\t\t<\/div>\n\t\t<\/section>\n\t\t\t\t<section class=\"elementor-section elementor-top-section elementor-element elementor-element-2b62eda elementor-section-stretched elementor-section-full_width elementor-section-height-default elementor-section-height-default\" data-id=\"2b62eda\" data-element_type=\"section\" data-settings=\"{&quot;stretch_section&quot;:&quot;section-stretched&quot;,&quot;background_background&quot;:&quot;classic&quot;}\">\n\t\t\t\t\t\t<div class=\"elementor-container elementor-column-gap-default\">\n\t\t\t\t\t<div class=\"elementor-column elementor-col-100 elementor-top-column elementor-element elementor-element-8feb2ab\" data-id=\"8feb2ab\" data-element_type=\"column\">\n\t\t\t<div class=\"elementor-widget-wrap elementor-element-populated\">\n\t\t\t\t\t\t<div class=\"elementor-element elementor-element-1f663a6 elementor-widget elementor-widget-pix-marquee\" data-id=\"1f663a6\" data-element_type=\"widget\" data-widget_type=\"pix-marquee.default\">\n\t\t\t\t<div class=\"elementor-widget-container\">\n\t\t\t<div id=\"marquee-129791259\" class=\"pix-marquee-element d-flex \" ><div class=\"pix-marquee  \" ><div class=\"marquee__inner \" aria-hidden=\"true\"><h3 class=\"pix-marquee-item text-gray-3 font-weight-bold heading-font\" style=\"\">Shopping<\/h3><h3 class=\"pix-marquee-item text-gray-3 \"><img decoding=\"async\" class=\"pix-fit-cover shadow-lg shadow-hover-lg fly-sm rounded-10\" src=\"\"   style=\"width:500px;height:auto;display:inline-block;position:relative;\" alt=\"\"><\/h3><h3 class=\"pix-marquee-item text-gray-3 font-weight-bold heading-font\" style=\"\">Entertainment<\/h3><h3 class=\"pix-marquee-item text-gray-3 \"><img decoding=\"async\" class=\"pix-fit-cover shadow-lg shadow-hover-lg fly-sm rounded-10\" src=\"\"   style=\"width:300px;height:auto;display:inline-block;position:relative;\" alt=\"\"><\/h3><h3 class=\"pix-marquee-item text-gray-3 font-weight-bold heading-font\" style=\"\">Art<\/h3><h3 class=\"pix-marquee-item text-gray-3 \"><img decoding=\"async\" class=\"pix-fit-cover shadow-lg shadow-hover-lg fly-sm rounded-10\" src=\"\"   style=\"width:500px;height:auto;display:inline-block;position:relative;\" alt=\"\"><\/h3><\/div><\/div><\/div>\t\t<\/div>\n\t\t\t\t<\/div>\n\t\t\t\t\t<\/div>\n\t\t<\/div>\n\t\t\t\t\t<\/div>\n\t\t<\/section>\n\t\t\t\t<\/div>\n\t\t","protected":false},"excerpt":{"rendered":"<p>Corporate Ku\u015fadas\u0131 Shopping and Life Center is the investment of Ku\u015fadas\u0131 Shopping Center Investment and Management Company. It brings you together with Turkey&#8217;s and the world&#8217;s famous brands that offer you perfect service at Ku\u015fadas\u0131 Shopping Center. Ku\u015fadas\u0131&#32; Shopping&#32; and&#32;&#8230;<\/p>\n","protected":false},"author":1,"featured_media":6715,"parent":0,"menu_order":0,"comment_status":"closed","ping_status":"closed","template":"","meta":{"footnotes":""},"class_list":["post-7081","page","type-page","status-publish","has-post-thumbnail","hentry"],"_links":{"self":[{"href":"https:\/\/www.avmkusadasi.com\/en\/wp-json\/wp\/v2\/pages\/7081","targetHints":{"allow":["GET"]}}],"collection":[{"href":"https:\/\/www.avmkusadasi.com\/en\/wp-json\/wp\/v2\/pages"}],"about":[{"href":"https:\/\/www.avmkusadasi.com\/en\/wp-json\/wp\/v2\/types\/page"}],"author":[{"embeddable":true,"href":"https:\/\/www.avmkusadasi.com\/en\/wp-json\/wp\/v2\/users\/1"}],"replies":[{"embeddable":true,"href":"https:\/\/www.avmkusadasi.com\/en\/wp-json\/wp\/v2\/comments?post=7081"}],"version-history":[{"count":9,"href":"https:\/\/www.avmkusadasi.com\/en\/wp-json\/wp\/v2\/pages\/7081\/revisions"}],"predecessor-version":[{"id":7115,"href":"https:\/\/www.avmkusadasi.com\/en\/wp-json\/wp\/v2\/pages\/7081\/revisions\/7115"}],"wp:featuredmedia":[{"embeddable":true,"href":"https:\/\/www.avmkusadasi.com\/en\/wp-json\/wp\/v2\/media\/6715"}],"wp:attachment":[{"href":"https:\/\/www.avmkusadasi.com\/en\/wp-json\/wp\/v2\/media?parent=7081"}],"curies":[{"name":"wp","href":"https:\/\/api.w.org\/{rel}","templated":true}]}}